{"id":9508,"date":"2023-12-26T16:01:57","date_gmt":"2023-12-26T16:01:57","guid":{"rendered":"https:\/\/radiotaxicartagena.es\/?page_id=9508"},"modified":"2023-12-26T16:03:53","modified_gmt":"2023-12-26T16:03:53","slug":"accesibilidad","status":"publish","type":"page","link":"https:\/\/radiotaxicartagena.es\/it\/accessibilita-2\/","title":{"rendered":"Accessibilit\u00e0"},"content":{"rendered":"<div data-elementor-type=\"wp-page\" data-elementor-id=\"9508\" class=\"elementor elementor-9508\" data-elementor-post-type=\"page\">\n\t\t\t\t\t\t<section class=\"wd-negative-gap elementor-section elementor-top-section elementor-element elementor-element-741b270 wd-section-stretch elementor-section-boxed elementor-section-height-default elementor-section-height-default\" data-id=\"741b270\" data-element_type=\"section\" data-e-type=\"section\">\n\t\t\t\t\t\t<div class=\"elementor-container elementor-column-gap-default\">\n\t\t\t\t\t<div class=\"elementor-column elementor-col-100 elementor-top-column elementor-element elementor-element-f0a2ffd\" data-id=\"f0a2ffd\" data-element_type=\"column\" data-e-type=\"column\">\n\t\t\t<div class=\"elementor-widget-wrap elementor-element-populated\">\n\t\t\t\t\t\t<div class=\"elementor-element elementor-element-eb94436 color-scheme-inherit text-left elementor-widget elementor-widget-text-editor\" data-id=\"eb94436\" data-element_type=\"widget\" data-e-type=\"widget\" data-widget_type=\"text-editor.default\">\n\t\t\t\t<div class=\"elementor-widget-container\">\n\t\t\t\t\t\t\t\t\t<h1 class=\"h1_title_underlined\">ACCESSIBILIT\u00c0<\/h1><p>Red.\u00e8 un ente economico pubblico del Ministero dell&#039;Economia e della Trasformazione Digitale che dipende dal Segretario di Stato per la Digitalizzazione e l&#039;Intelligenza Artificiale, si \u00e8 impegnato a rendere accessibile il proprio sito web, in conformit\u00e0 con la\u00a0<a class=\"ext\" href=\"https:\/\/www.boe.es\/diario_boe\/txt.php?id=BOE-A-2018-12699\" rel=\"noopener noreferrer\" data-extlink=\"\">Regio decreto 1112\/2018, del 7 settembre, sull&#039;accessibilit\u00e0 dei siti web e delle applicazioni per dispositivi mobili nel settore pubblico.<\/a><\/p><p>La presente dichiarazione di accessibilit\u00e0 si applica al sito web https:\/\/radiotaxicartagena.es:<\/p><h2 class=\"h2_title_underlined\">SITUAZIONE DI CONFORMIT\u00c0<\/h2><p>Questo sito web \u00e8 parzialmente conforme alla\u00a0<a class=\"ext\" href=\"https:\/\/www.boe.es\/diario_boe\/txt.php?id=BOE-A-2018-12699\" rel=\"noopener noreferrer\" data-extlink=\"\">RD 1112\/2018<\/a>\u00a0a causa delle eccezioni e dei difetti di conformit\u00e0 degli aspetti indicati al punto successivo.<\/p><h2 class=\"h2_title_underlined\">CONTENUTO NON ACCESSIBILE<\/h2><p>Il contenuto raccolto di seguito non \u00e8 accessibile a causa di quanto segue:<\/p><h3>MANCATO RISPETTO DEL RD 1112\/2018<\/h3><p>\u00c8 possibile richiedere documenti completamente accessibili dal modulo di contatto per formalizzare reclami e domande.<\/p><p>Potrebbero esserci errori specifici del codice di modifica su alcune pagine web. [4.1.1 Elaborazione]<\/p><h3>CARICO SPROPORZIONATO<\/h3><p>Non si applica.<\/p><h3>IL CONTENUTO NON RIENTRA NELL&#039;AMBITO DELLA LEGGE APPLICABILE<\/h3><p>Non si applica.<\/p><h2 class=\"h2_title_underlined\">PREPARAZIONE ALLA PROSSIMA DICHIARAZIONE DI ACCESSIBILIT\u00c0<\/h2><p>La presente dichiarazione \u00e8 stata preparata il 18 gennaio 2023.<\/p><p>Il metodo utilizzato per preparare la dichiarazione \u00e8 stato un&#039;autovalutazione effettuata da Athos Trader SL.<\/p><div class=\"mb-3 subtitle_3\">Osservazioni e contatti<\/div><p>\u00c8 possibile effettuare comunicazioni sui requisiti di accessibilit\u00e0 (articolo 10.2.a del RD 1112\/2018) come, ad esempio:<\/p><ul><li>Segnalare ogni possibile violazione da parte di questo sito<\/li><li>Trasmetti altre difficolt\u00e0 di accesso ai contenuti<\/li><li>Porre eventuali altre domande o suggerimenti per migliorare l&#039;accessibilit\u00e0 del sito web<\/li><\/ul><p>tramite la\u00a0<a href=\"https:\/\/athosonline.com\/contacto\">Modulo di Contatto<\/a>\u00a0dell&#039;agente digitalizzante.<\/p><p>Puoi presentare:<\/p><ul><li>Reclamo relativo al rispetto dei requisiti del RD 1112\/2018 o<\/li><li>Richiesta di informazioni accessibili relative a:<ul><li>Contenuti esclusi dall&#039;ambito di applicazione del RD 1112\/2018 come stabilito dall&#039;articolo 3, paragrafo 4<\/li><li>Contenuto esente dal rispetto dei requisiti di accessibilit\u00e0 perch\u00e9 impone un onere sproporzionato<\/li><\/ul><\/li><\/ul><p>Nella Richiesta di informazioni accessibili devono essere chiaramente specificati i fatti, le ragioni e la richiesta che ci consentano di verificare che si tratti di una richiesta ragionevole e legittima.<\/p><p>Reclami e reclami relativi alle informazioni accessibili potranno essere effettuati attraverso il suddetto modulo.\u00a0<\/p><h2 class=\"h2_title_underlined\">CONTENUTO OPZIONALE<\/h2><p>Questo portale \u00e8 progettato per poter modificare la dimensione e il colore del testo, nonch\u00e9 lo sfondo della pagina utilizzando le opzioni di configurazione standard del browser.<\/p><p>Se desideri modificare la dimensione del carattere del testo nei principali browser grafici utilizza i seguenti menu:<\/p><ul><li>Internet Explorer, Mozilla e Firefox: Visualizza &gt; Dimensioni testo<\/li><li>Opera: Visualizza &gt; Zoom<\/li><li>Safari: Visualizza &gt; Ingrandisci il testo<\/li><li>Chrome: controlla la pagina corrente &gt; Dimensioni del testo<\/li><li>Per ridimensionare tutto nella pagina:<ul><li>Ctrl + + per aumentarlo<\/li><li>Ctrl + \u2013 per diminuirlo<\/li><li>Ctrl + 0 ripristina la dimensione originale del testo<\/li><li>Se vuoi sovrascrivere il foglio di stile o modificare il colore del testo puoi consultare la pagina\u00a0<span lang=\"en\">Come modificare la dimensione o i colori del testo WAI<\/span>, che pu\u00f2 essere letto tradotto in spagnolo in Come modificare la dimensione o i colori del testo?<\/li><\/ul><\/li><\/ul>\t\t\t\t\t\t\t\t<\/div>\n\t\t\t\t<\/div>\n\t\t\t\t\t<\/div>\n\t\t<\/div>\n\t\t\t\t\t<\/div>\n\t\t<\/section>\n\t\t\t\t<\/div>","protected":false},"excerpt":{"rendered":"<p>ACCESSIBILIT\u00c0 Red.\u00e8 un ente pubblico economico del Ministero degli Affari Economici e della Trasformazione Digitale che dipende dal Segretario di Stato<\/p>","protected":false},"author":1,"featured_media":0,"parent":0,"menu_order":0,"comment_status":"closed","ping_status":"closed","template":"","meta":{"inline_featured_image":false,"footnotes":""},"class_list":["post-9508","page","type-page","status-publish","hentry"],"yoast_head":"<!-- This site is optimized with the Yoast SEO Premium plugin v21.6 (Yoast SEO v27.1.1) - https:\/\/yoast.com\/product\/yoast-seo-premium-wordpress\/ -->\n<title>Accesibilidad - Radio Taxi<\/title>\n<meta name=\"robots\" content=\"index, follow, max-snippet:-1, max-image-preview:large, max-video-preview:-1\" \/>\n<link rel=\"canonical\" href=\"https:\/\/radiotaxicartagena.es\/it\/accessibilita-2\/\" \/>\n<meta property=\"og:locale\" content=\"it_IT\" \/>\n<meta property=\"og:type\" content=\"article\" \/>\n<meta property=\"og:title\" content=\"Accesibilidad\" \/>\n<meta property=\"og:description\" content=\"ACCESIBILIDAD Red.es entidad p\u00fablica empresarial del Ministerio de Asuntos Econ\u00f3micos y Transformaci\u00f3n Digital que depende de la Secretar\u00eda de Estado\" \/>\n<meta property=\"og:url\" content=\"https:\/\/radiotaxicartagena.es\/it\/accessibilita-2\/\" \/>\n<meta property=\"og:site_name\" content=\"Radio Taxi\" \/>\n<meta property=\"article:modified_time\" content=\"2023-12-26T16:03:53+00:00\" \/>\n<meta name=\"twitter:card\" content=\"summary_large_image\" \/>\n<meta name=\"twitter:label1\" content=\"Tempo di lettura stimato\" \/>\n\t<meta name=\"twitter:data1\" content=\"3 minuti\" \/>\n<script type=\"application\/ld+json\" class=\"yoast-schema-graph\">{\"@context\":\"https:\/\/schema.org\",\"@graph\":[{\"@type\":\"WebPage\",\"@id\":\"https:\/\/radiotaxicartagena.es\/accesibilidad\/\",\"url\":\"https:\/\/radiotaxicartagena.es\/accesibilidad\/\",\"name\":\"Accesibilidad - Radio Taxi\",\"isPartOf\":{\"@id\":\"https:\/\/radiotaxicartagena.es\/#website\"},\"datePublished\":\"2023-12-26T16:01:57+00:00\",\"dateModified\":\"2023-12-26T16:03:53+00:00\",\"breadcrumb\":{\"@id\":\"https:\/\/radiotaxicartagena.es\/accesibilidad\/#breadcrumb\"},\"inLanguage\":\"it-IT\",\"potentialAction\":[{\"@type\":\"ReadAction\",\"target\":[\"https:\/\/radiotaxicartagena.es\/accesibilidad\/\"]}]},{\"@type\":\"BreadcrumbList\",\"@id\":\"https:\/\/radiotaxicartagena.es\/accesibilidad\/#breadcrumb\",\"itemListElement\":[{\"@type\":\"ListItem\",\"position\":1,\"name\":\"Home\",\"item\":\"https:\/\/radiotaxicartagena.es\/\"},{\"@type\":\"ListItem\",\"position\":2,\"name\":\"Accesibilidad\"}]},{\"@type\":\"WebSite\",\"@id\":\"https:\/\/radiotaxicartagena.es\/#website\",\"url\":\"https:\/\/radiotaxicartagena.es\/\",\"name\":\"Radio Taxi\",\"description\":\"Taxi en Cartagena, La Manga, La Uni\u00f3n, Murcia\",\"potentialAction\":[{\"@type\":\"SearchAction\",\"target\":{\"@type\":\"EntryPoint\",\"urlTemplate\":\"https:\/\/radiotaxicartagena.es\/?s={search_term_string}\"},\"query-input\":{\"@type\":\"PropertyValueSpecification\",\"valueRequired\":true,\"valueName\":\"search_term_string\"}}],\"inLanguage\":\"it-IT\"}]}<\/script>\n<!-- \/ Yoast SEO Premium plugin. -->","yoast_head_json":{"title":"Accesibilidad - Radio Taxi","robots":{"index":"index","follow":"follow","max-snippet":"max-snippet:-1","max-image-preview":"max-image-preview:large","max-video-preview":"max-video-preview:-1"},"canonical":"https:\/\/radiotaxicartagena.es\/it\/accessibilita-2\/","og_locale":"it_IT","og_type":"article","og_title":"Accesibilidad","og_description":"ACCESIBILIDAD Red.es entidad p\u00fablica empresarial del Ministerio de Asuntos Econ\u00f3micos y Transformaci\u00f3n Digital que depende de la Secretar\u00eda de Estado","og_url":"https:\/\/radiotaxicartagena.es\/it\/accessibilita-2\/","og_site_name":"Radio Taxi","article_modified_time":"2023-12-26T16:03:53+00:00","twitter_card":"summary_large_image","twitter_misc":{"Tempo di lettura stimato":"3 minuti"},"schema":{"@context":"https:\/\/schema.org","@graph":[{"@type":"WebPage","@id":"https:\/\/radiotaxicartagena.es\/accesibilidad\/","url":"https:\/\/radiotaxicartagena.es\/accesibilidad\/","name":"Accesibilidad - Radio Taxi","isPartOf":{"@id":"https:\/\/radiotaxicartagena.es\/#website"},"datePublished":"2023-12-26T16:01:57+00:00","dateModified":"2023-12-26T16:03:53+00:00","breadcrumb":{"@id":"https:\/\/radiotaxicartagena.es\/accesibilidad\/#breadcrumb"},"inLanguage":"it-IT","potentialAction":[{"@type":"ReadAction","target":["https:\/\/radiotaxicartagena.es\/accesibilidad\/"]}]},{"@type":"BreadcrumbList","@id":"https:\/\/radiotaxicartagena.es\/accesibilidad\/#breadcrumb","itemListElement":[{"@type":"ListItem","position":1,"name":"Home","item":"https:\/\/radiotaxicartagena.es\/"},{"@type":"ListItem","position":2,"name":"Accesibilidad"}]},{"@type":"WebSite","@id":"https:\/\/radiotaxicartagena.es\/#website","url":"https:\/\/radiotaxicartagena.es\/","name":"Radio Taxi","description":"Taxi en Cartagena, La Manga, La Uni\u00f3n, Murcia","potentialAction":[{"@type":"SearchAction","target":{"@type":"EntryPoint","urlTemplate":"https:\/\/radiotaxicartagena.es\/?s={search_term_string}"},"query-input":{"@type":"PropertyValueSpecification","valueRequired":true,"valueName":"search_term_string"}}],"inLanguage":"it-IT"}]}},"_links":{"self":[{"href":"https:\/\/radiotaxicartagena.es\/it\/wp-json\/wp\/v2\/pages\/9508","targetHints":{"allow":["GET"]}}],"collection":[{"href":"https:\/\/radiotaxicartagena.es\/it\/wp-json\/wp\/v2\/pages"}],"about":[{"href":"https:\/\/radiotaxicartagena.es\/it\/wp-json\/wp\/v2\/types\/page"}],"author":[{"embeddable":true,"href":"https:\/\/radiotaxicartagena.es\/it\/wp-json\/wp\/v2\/users\/1"}],"replies":[{"embeddable":true,"href":"https:\/\/radiotaxicartagena.es\/it\/wp-json\/wp\/v2\/comments?post=9508"}],"version-history":[{"count":4,"href":"https:\/\/radiotaxicartagena.es\/it\/wp-json\/wp\/v2\/pages\/9508\/revisions"}],"predecessor-version":[{"id":9512,"href":"https:\/\/radiotaxicartagena.es\/it\/wp-json\/wp\/v2\/pages\/9508\/revisions\/9512"}],"wp:attachment":[{"href":"https:\/\/radiotaxicartagena.es\/it\/wp-json\/wp\/v2\/media?parent=9508"}],"curies":[{"name":"wp","href":"https:\/\/api.w.org\/{rel}","templated":true}]}}