{"id":9508,"date":"2023-12-26T16:01:57","date_gmt":"2023-12-26T16:01:57","guid":{"rendered":"https:\/\/radiotaxicartagena.es\/?page_id=9508"},"modified":"2023-12-26T16:03:53","modified_gmt":"2023-12-26T16:03:53","slug":"accesibilidad","status":"publish","type":"page","link":"https:\/\/radiotaxicartagena.es\/en\/accessibility\/","title":{"rendered":"Accessibility"},"content":{"rendered":"<div data-elementor-type=\"wp-page\" data-elementor-id=\"9508\" class=\"elementor elementor-9508\" data-elementor-post-type=\"page\">\n\t\t\t\t\t\t<section class=\"wd-negative-gap elementor-section elementor-top-section elementor-element elementor-element-741b270 wd-section-stretch elementor-section-boxed elementor-section-height-default elementor-section-height-default\" data-id=\"741b270\" data-element_type=\"section\" data-e-type=\"section\">\n\t\t\t\t\t\t<div class=\"elementor-container elementor-column-gap-default\">\n\t\t\t\t\t<div class=\"elementor-column elementor-col-100 elementor-top-column elementor-element elementor-element-f0a2ffd\" data-id=\"f0a2ffd\" data-element_type=\"column\" data-e-type=\"column\">\n\t\t\t<div class=\"elementor-widget-wrap elementor-element-populated\">\n\t\t\t\t\t\t<div class=\"elementor-element elementor-element-eb94436 color-scheme-inherit text-left elementor-widget elementor-widget-text-editor\" data-id=\"eb94436\" data-element_type=\"widget\" data-e-type=\"widget\" data-widget_type=\"text-editor.default\">\n\t\t\t\t<div class=\"elementor-widget-container\">\n\t\t\t\t\t\t\t\t\t<h1 class=\"h1_title_underlined\">ACCESSIBILITY<\/h1><p>Red.is a public business entity of the Ministry of Economic Affairs and Digital Transformation that depends on the Secretary of State for Digitalization and Artificial Intelligence, has committed to making its website accessible, in accordance with the\u00a0<a class=\"ext\" href=\"https:\/\/www.boe.es\/diario_boe\/txt.php?id=BOE-A-2018-12699\" rel=\"noopener noreferrer\" data-extlink=\"\">Royal Decree 1112\/2018, of September 7, on accessibility of websites and applications for mobile devices in the public sector.<\/a><\/p><p>This accessibility statement applies to the website https:\/\/radiotaxicartagena.es:<\/p><h2 class=\"h2_title_underlined\">COMPLIANCE SITUATION<\/h2><p>This website partially complies with the\u00a0<a class=\"ext\" href=\"https:\/\/www.boe.es\/diario_boe\/txt.php?id=BOE-A-2018-12699\" rel=\"noopener noreferrer\" data-extlink=\"\">RD 1112\/2018<\/a>\u00a0due to the exceptions and the lack of conformity of the aspects indicated in the following point.<\/p><h2 class=\"h2_title_underlined\">CONTENT NOT ACCESSIBLE<\/h2><p>The content collected below is not accessible due to the following:<\/p><h3>LACK OF COMPLIANCE WITH RD 1112\/2018<\/h3><p>Fully accessible documents can be requested from the contact form to formalize complaints and queries.<\/p><p>There could be specific editing code errors on some web page. [4.1.1 Processing]<\/p><h3>DISPROPORTIONATE LOAD<\/h3><p>Does not apply.<\/p><h3>THE CONTENT DOES NOT FALL WITHIN THE SCOPE OF THE APPLICABLE LAW<\/h3><p>Does not apply.<\/p><h2 class=\"h2_title_underlined\">PREPARATION FOR THE NEXT ACCESSIBILITY STATEMENT<\/h2><p>This statement was prepared on January 18, 2023.<\/p><p>The method used to prepare the declaration has been a self-assessment carried out by Athos Trader SL.<\/p><div class=\"mb-3 subtitle_3\">Observations and contact information<\/div><p>You can make communications about accessibility requirements (article 10.2.a of RD 1112\/2018) such as, for example:<\/p><ul><li>Report any possible breach by this website<\/li><li>Transmit other content access difficulties<\/li><li>Ask any other questions or suggestions for improvement regarding the accessibility of the website<\/li><\/ul><p>through the\u00a0<a href=\"https:\/\/athosonline.com\/contacto\">Contact Form<\/a>\u00a0of the digitizing agent.<\/p><p>You can present:<\/p><ul><li>Complaint regarding compliance with the requirements of RD 1112\/2018 or<\/li><li>Request for accessible information related to:<ul><li>Contents that are excluded from the scope of application of RD 1112\/2018 as established by article 3, section 4<\/li><li>Content that is exempt from compliance with accessibility requirements because it imposes a disproportionate burden<\/li><\/ul><\/li><\/ul><p>In the Request for accessible information, the facts, reasons and request must be clearly specified that allow us to verify that it is a reasonable and legitimate request.<\/p><p>Complaints and claims about accessible information will be made through the aforementioned form.\u00a0<\/p><h2 class=\"h2_title_underlined\">OPTIONAL CONTENT<\/h2><p>This portal is designed to be able to change the text size and color, as well as the background of the page using the standard browser configuration options.<\/p><p>If you want to change the font size of the text in the main graphical browsers, use the following menus:<\/p><ul><li>Internet Explorer, Mozilla and Firefox: View &gt; Text Size<\/li><li>Opera: View &gt; Zoom<\/li><li>Safari: View &gt; Make text larger<\/li><li>Chrome: Control current page &gt; Text size<\/li><li>To resize everything on the page:<ul><li>Ctrl + + to increase it<\/li><li>Ctrl + \u2013 to decrease it<\/li><li>Ctrl + 0 restores the original text size<\/li><li>If you want to override the style sheet or modify the text color, you can consult the page\u00a0<span lang=\"en\">How to Change WAI Text Size or Colors<\/span>, which can be read translated into Spanish in How to change the text size or colors?<\/li><\/ul><\/li><\/ul>\t\t\t\t\t\t\t\t<\/div>\n\t\t\t\t<\/div>\n\t\t\t\t\t<\/div>\n\t\t<\/div>\n\t\t\t\t\t<\/div>\n\t\t<\/section>\n\t\t\t\t<\/div>","protected":false},"excerpt":{"rendered":"<p>ACCESSIBILITY Red.is a public business entity of the Ministry of Economic Affairs and Digital Transformation that depends on the Secretary of State<\/p>","protected":false},"author":1,"featured_media":0,"parent":0,"menu_order":0,"comment_status":"closed","ping_status":"closed","template":"","meta":{"inline_featured_image":false,"footnotes":""},"class_list":["post-9508","page","type-page","status-publish","hentry"],"yoast_head":"<!-- This site is optimized with the Yoast SEO Premium plugin v21.6 (Yoast SEO v27.1.1) - https:\/\/yoast.com\/product\/yoast-seo-premium-wordpress\/ -->\n<title>Accesibilidad - Radio Taxi<\/title>\n<meta name=\"robots\" content=\"index, follow, max-snippet:-1, max-image-preview:large, max-video-preview:-1\" \/>\n<link rel=\"canonical\" href=\"https:\/\/radiotaxicartagena.es\/en\/accessibility\/\" \/>\n<meta property=\"og:locale\" content=\"en_GB\" \/>\n<meta property=\"og:type\" content=\"article\" \/>\n<meta property=\"og:title\" content=\"Accesibilidad\" \/>\n<meta property=\"og:description\" content=\"ACCESIBILIDAD Red.es entidad p\u00fablica empresarial del Ministerio de Asuntos Econ\u00f3micos y Transformaci\u00f3n Digital que depende de la Secretar\u00eda de Estado\" \/>\n<meta property=\"og:url\" content=\"https:\/\/radiotaxicartagena.es\/en\/accessibility\/\" \/>\n<meta property=\"og:site_name\" content=\"Radio Taxi\" \/>\n<meta property=\"article:modified_time\" content=\"2023-12-26T16:03:53+00:00\" \/>\n<meta name=\"twitter:card\" content=\"summary_large_image\" \/>\n<meta name=\"twitter:label1\" content=\"Estimated reading time\" \/>\n\t<meta name=\"twitter:data1\" content=\"3 minutes\" \/>\n<script type=\"application\/ld+json\" class=\"yoast-schema-graph\">{\"@context\":\"https:\/\/schema.org\",\"@graph\":[{\"@type\":\"WebPage\",\"@id\":\"https:\/\/radiotaxicartagena.es\/accesibilidad\/\",\"url\":\"https:\/\/radiotaxicartagena.es\/accesibilidad\/\",\"name\":\"Accesibilidad - Radio Taxi\",\"isPartOf\":{\"@id\":\"https:\/\/radiotaxicartagena.es\/#website\"},\"datePublished\":\"2023-12-26T16:01:57+00:00\",\"dateModified\":\"2023-12-26T16:03:53+00:00\",\"breadcrumb\":{\"@id\":\"https:\/\/radiotaxicartagena.es\/accesibilidad\/#breadcrumb\"},\"inLanguage\":\"en-GB\",\"potentialAction\":[{\"@type\":\"ReadAction\",\"target\":[\"https:\/\/radiotaxicartagena.es\/accesibilidad\/\"]}]},{\"@type\":\"BreadcrumbList\",\"@id\":\"https:\/\/radiotaxicartagena.es\/accesibilidad\/#breadcrumb\",\"itemListElement\":[{\"@type\":\"ListItem\",\"position\":1,\"name\":\"Home\",\"item\":\"https:\/\/radiotaxicartagena.es\/\"},{\"@type\":\"ListItem\",\"position\":2,\"name\":\"Accesibilidad\"}]},{\"@type\":\"WebSite\",\"@id\":\"https:\/\/radiotaxicartagena.es\/#website\",\"url\":\"https:\/\/radiotaxicartagena.es\/\",\"name\":\"Radio Taxi\",\"description\":\"Taxi en Cartagena, La Manga, La Uni\u00f3n, Murcia\",\"potentialAction\":[{\"@type\":\"SearchAction\",\"target\":{\"@type\":\"EntryPoint\",\"urlTemplate\":\"https:\/\/radiotaxicartagena.es\/?s={search_term_string}\"},\"query-input\":{\"@type\":\"PropertyValueSpecification\",\"valueRequired\":true,\"valueName\":\"search_term_string\"}}],\"inLanguage\":\"en-GB\"}]}<\/script>\n<!-- \/ Yoast SEO Premium plugin. -->","yoast_head_json":{"title":"Accesibilidad - Radio Taxi","robots":{"index":"index","follow":"follow","max-snippet":"max-snippet:-1","max-image-preview":"max-image-preview:large","max-video-preview":"max-video-preview:-1"},"canonical":"https:\/\/radiotaxicartagena.es\/en\/accessibility\/","og_locale":"en_GB","og_type":"article","og_title":"Accesibilidad","og_description":"ACCESIBILIDAD Red.es entidad p\u00fablica empresarial del Ministerio de Asuntos Econ\u00f3micos y Transformaci\u00f3n Digital que depende de la Secretar\u00eda de Estado","og_url":"https:\/\/radiotaxicartagena.es\/en\/accessibility\/","og_site_name":"Radio Taxi","article_modified_time":"2023-12-26T16:03:53+00:00","twitter_card":"summary_large_image","twitter_misc":{"Estimated reading time":"3 minutes"},"schema":{"@context":"https:\/\/schema.org","@graph":[{"@type":"WebPage","@id":"https:\/\/radiotaxicartagena.es\/accesibilidad\/","url":"https:\/\/radiotaxicartagena.es\/accesibilidad\/","name":"Accesibilidad - Radio Taxi","isPartOf":{"@id":"https:\/\/radiotaxicartagena.es\/#website"},"datePublished":"2023-12-26T16:01:57+00:00","dateModified":"2023-12-26T16:03:53+00:00","breadcrumb":{"@id":"https:\/\/radiotaxicartagena.es\/accesibilidad\/#breadcrumb"},"inLanguage":"en-GB","potentialAction":[{"@type":"ReadAction","target":["https:\/\/radiotaxicartagena.es\/accesibilidad\/"]}]},{"@type":"BreadcrumbList","@id":"https:\/\/radiotaxicartagena.es\/accesibilidad\/#breadcrumb","itemListElement":[{"@type":"ListItem","position":1,"name":"Home","item":"https:\/\/radiotaxicartagena.es\/"},{"@type":"ListItem","position":2,"name":"Accesibilidad"}]},{"@type":"WebSite","@id":"https:\/\/radiotaxicartagena.es\/#website","url":"https:\/\/radiotaxicartagena.es\/","name":"Radio Taxi","description":"Taxi en Cartagena, La Manga, La Uni\u00f3n, Murcia","potentialAction":[{"@type":"SearchAction","target":{"@type":"EntryPoint","urlTemplate":"https:\/\/radiotaxicartagena.es\/?s={search_term_string}"},"query-input":{"@type":"PropertyValueSpecification","valueRequired":true,"valueName":"search_term_string"}}],"inLanguage":"en-GB"}]}},"_links":{"self":[{"href":"https:\/\/radiotaxicartagena.es\/en\/wp-json\/wp\/v2\/pages\/9508","targetHints":{"allow":["GET"]}}],"collection":[{"href":"https:\/\/radiotaxicartagena.es\/en\/wp-json\/wp\/v2\/pages"}],"about":[{"href":"https:\/\/radiotaxicartagena.es\/en\/wp-json\/wp\/v2\/types\/page"}],"author":[{"embeddable":true,"href":"https:\/\/radiotaxicartagena.es\/en\/wp-json\/wp\/v2\/users\/1"}],"replies":[{"embeddable":true,"href":"https:\/\/radiotaxicartagena.es\/en\/wp-json\/wp\/v2\/comments?post=9508"}],"version-history":[{"count":4,"href":"https:\/\/radiotaxicartagena.es\/en\/wp-json\/wp\/v2\/pages\/9508\/revisions"}],"predecessor-version":[{"id":9512,"href":"https:\/\/radiotaxicartagena.es\/en\/wp-json\/wp\/v2\/pages\/9508\/revisions\/9512"}],"wp:attachment":[{"href":"https:\/\/radiotaxicartagena.es\/en\/wp-json\/wp\/v2\/media?parent=9508"}],"curies":[{"name":"wp","href":"https:\/\/api.w.org\/{rel}","templated":true}]}}