{"id":8866,"date":"2022-06-15T11:33:13","date_gmt":"2022-06-15T11:33:13","guid":{"rendered":"https:\/\/nueva.radiotaxicartagena.es\/?page_id=8866"},"modified":"2022-06-15T11:34:31","modified_gmt":"2022-06-15T11:34:31","slug":"politica-de-cookies","status":"publish","type":"page","link":"https:\/\/radiotaxicartagena.es\/de\/cookie-richtlinie\/","title":{"rendered":"Cookie-Richtlinie"},"content":{"rendered":"<div data-elementor-type=\"wp-page\" data-elementor-id=\"8866\" class=\"elementor elementor-8866\" data-elementor-post-type=\"page\">\n\t\t\t\t\t\t<section class=\"wd-negative-gap elementor-section elementor-top-section elementor-element elementor-element-741b270 wd-section-stretch elementor-section-boxed elementor-section-height-default elementor-section-height-default\" data-id=\"741b270\" data-element_type=\"section\" data-e-type=\"section\">\n\t\t\t\t\t\t<div class=\"elementor-container elementor-column-gap-default\">\n\t\t\t\t\t<div class=\"elementor-column elementor-col-100 elementor-top-column elementor-element elementor-element-f0a2ffd\" data-id=\"f0a2ffd\" data-element_type=\"column\" data-e-type=\"column\">\n\t\t\t<div class=\"elementor-widget-wrap elementor-element-populated\">\n\t\t\t\t\t\t<div class=\"elementor-element elementor-element-eb94436 color-scheme-inherit text-left elementor-widget elementor-widget-text-editor\" data-id=\"eb94436\" data-element_type=\"widget\" data-e-type=\"widget\" data-widget_type=\"text-editor.default\">\n\t\t\t\t<div class=\"elementor-widget-container\">\n\t\t\t\t\t\t\t\t\t<article id=\"post-8557\" class=\"post-8557 page type-page status-publish hentry\"><div class=\"entry-content\"><article id=\"post-8557\" class=\"post-8557 page type-page status-publish hentry\"><div class=\"entry-content\"><p>In \u00dcbereinstimmung mit Artikel 22 des Gesetzes 34\/2002 vom 11. Juli \u00fcber Dienste der Informationsgesellschaft und elektronischen Handel (LSSI) in Bezug auf die Verordnung (EU) 2016\/679 des Europ\u00e4ischen Parlaments und des Rates vom 27. April 2016, Der Datenschutzbeauftragte (RGPD) und das Organgesetz 3\/2018 vom 5. Dezember \u00fcber den Datenschutz und die Gew\u00e4hrleistung digitaler Rechte (LOPDGDD) stellt den Benutzern die Richtlinien f\u00fcr die Sammlung und Verarbeitung von Cookies auf der Website zur Verf\u00fcgung.<\/p><h2>Was sind Cookies?<\/h2><p>Ein Cookie ist eine Datei, die auf Ihren Computer heruntergeladen wird, wenn Sie auf bestimmte Webseiten zugreifen. Cookies erm\u00f6glichen es einer Website unter anderem, Informationen \u00fcber Ihre Surfgewohnheiten zu speichern und abzurufen. Abh\u00e4ngig von den darin enthaltenen Informationen und der Art und Weise, wie Sie Ihre Ger\u00e4te verwenden, k\u00f6nnen sie dazu verwendet werden, Sie zu identifizieren.<\/p><h2>Auf der Website verwendete Cookies<\/h2><p>Die von der Website verwendeten Cookies werden unten klassifiziert <a href=\"https:\/\/nueva.radiotaxicartagena.es\/politica-de-cookies\/\">https:\/\/radiotaxicartagena.es<\/a>:<\/p><p><b>Nach Angaben des Unternehmens, das sie verwaltet<\/b><\/p><ul><li>Eigene Cookies: Dies sind diejenigen, die direkt vom Eigent\u00fcmer gesendet und verwaltet werden.<\/li><li>Cookies von Drittanbietern: Hierbei handelt es sich um Cookies, die von einer anderen Domain als dem Eigent\u00fcmer an den Benutzer gesendet werden.<\/li><\/ul><p>\u00a0<\/p><p><b>Entsprechend seinem Zweck<\/b><\/p><ul><li>Technische Cookies: Hierbei handelt es sich um Cookies, die es registrierten Benutzern erm\u00f6glichen, durch die Website und den eingeschr\u00e4nkten Bereich zu navigieren und ihre verschiedenen Funktionen wie das Kommentarsystem oder die Suchmaschine zu nutzen.<\/li><li>Personalisierungs-Cookies: Hierbei handelt es sich um Cookies, die es Benutzern erm\u00f6glichen, auf den Dienst mit einigen vordefinierten allgemeinen Merkmalen zuzugreifen, die auf einer Reihe von vom Benutzer festgelegten Kriterien basieren, wie beispielsweise der Sprache oder dem Browsertyp, \u00fcber den sie eine Verbindung zu dieser Website herstellen .<\/li><li>Analyse- oder Mess-Cookies: Hierbei handelt es sich um Cookies, die unabh\u00e4ngig davon, ob sie von der Website oder von Dritten verarbeitet werden, die Quantifizierung der Anzahl der Benutzer erm\u00f6glichen und so die Messung und statistische Analyse der Nutzung der Website durch die Benutzer durchf\u00fchren. Hierzu wird Ihre Navigation auf dieser Website analysiert, um diese zu verbessern.<\/li><li>Soziale Cookies: Diese werden von Social-Media-Plattformen gesetzt, um Benutzern das Teilen von Inhalten mit ihren Freunden und Netzwerken zu erm\u00f6glichen.<\/li><\/ul><p>\u00a0<\/p><p><b>Entsprechend seiner Dauer<\/b><\/p><ul><li>Sitzungscookies: Dabei handelt es sich um solche, die dazu dienen, Daten zu sammeln und zu speichern, w\u00e4hrend der Benutzer auf die Website zugreift.<\/li><li>Permanente Cookies: Dabei handelt es sich um solche, bei denen die Daten weiterhin auf dem Endger\u00e4t des Nutzers gespeichert bleiben und w\u00e4hrend eines vom Cookie-Verantwortlichen festgelegten Zeitraums abgerufen und verarbeitet werden k\u00f6nnen.<\/li><\/ul><p>\u00a0<\/p><h2>Liste der verwendeten Cookies<\/h2><p>Diese Website kann die folgenden Cookies installieren:<\/p><p><b>Technische Cookies<\/b><\/p><ul><li><b>wp-settings-{user_id}:<\/b> Technisches Cookie, das verwendet wird, um die Einstellungen des Benutzers im WordPress-Dashboard (\/wp-admin) beizubehalten. Es ist persistent und dauert 1 Jahr.<\/li><li><b>hasConsent:<\/b> Technisches Cookie, das die Zustimmung des Benutzers speichert. Es ist persistent und dauert 1 Jahr.<\/li><\/ul><p>\u00a0<\/p><p><b>Analyse- oder Messcookies<\/b><\/p><ul><li><b>_ga:<\/b> Analytisches Cookie, das die einzigartige Besuchskontrollfunktion erm\u00f6glicht. Es ist persistent und h\u00e4lt 2 Jahre an.<\/li><li><b>_gat:<\/b> Analytisches Cookie zur Begrenzung der Anzahl der Anfragen. Der Umfang ist die Sitzung und sie dauert 1 Minute.<\/li><li><b>_gid:<\/b> Analytisches Cookie zur Unterscheidung von Benutzern. Ihr Umfang ist die Sitzung und sie dauert 24 Stunden.<\/li><\/ul><p>\u00a0<\/p><p>Weitere Informationen:<\/p><p>\u00a0<\/p><ul><li>Google Analytics kann andere Cookies gem\u00e4\u00df dem Dokument \u201eVerwendung von Google Analytics-Cookies auf Websites, die Sie einsehen k\u00f6nnen\u201c setzen <a href=\"https:\/\/developers.google.com\/analytics\/devguides\/collection\/analyticsjs\/cookie-usage?hl=es\" target=\"_blank\" rel=\"noopener noreferrer nofollow\">in diesem Link<\/a>.<\/li><\/ul><p><b>Soziale Cookies<\/b><\/p><ul><li>Die Website umfasst weitere Funktionalit\u00e4ten, die von Diensten Dritter und sozialen Netzwerken bereitgestellt werden, um das Besuchererlebnis zu verbessern. Mit den daf\u00fcr vorgesehenen Buttons oder den Sharing-Tools der sozialen Netzwerke k\u00f6nnen Sie die Inhalte in Ihren sozialen Netzwerken wie Facebook, Twitter, Instagram, Vimeo oder YouTube teilen. Daher k\u00f6nnen diese Dienste Cookies setzen und diese nutzen, um Ihre Online-Aktivit\u00e4ten zu verfolgen. Der Eigent\u00fcmer hat keine direkte Kontrolle \u00fcber die von diesen Cookies gesammelten Informationen.<\/li><\/ul><p>\u00a0<\/p><p>Die Website kann andere Cookies installieren:<\/p><p>wordpress_test_cookie<br \/>tk_ai<br \/>wp_lang<br \/>wp-settings-*<\/p><h2>Zustimmung oder Ablehnung der Installation von Cookies<\/h2><p>Der Eigent\u00fcmer zeigt Informationen \u00fcber seine Cookie-Richtlinie im Cookie-Banner an, der auf allen Seiten der Website zug\u00e4nglich ist. Das Cookie-Banner zeigt wesentliche Informationen zur Datenverarbeitung an und erm\u00f6glicht dem Nutzer die Durchf\u00fchrung folgender Aktionen:<\/p><p>\u00a0<\/p><ul><li>Akzeptieren oder lehnen Sie die Installation von Cookies ab oder widerrufen Sie die zuvor erteilte Einwilligung.<\/li><li>\u00c4ndern Sie Ihre Cookie-Einstellungen auf der Seite \u201eCookies anpassen\u201c, auf die Sie \u00fcber den Cookie-Hinweis oder \u00fcber die Seite \u201eCookies\u201c zugreifen k\u00f6nnen. <a href=\"https:\/\/nueva.radiotaxicartagena.es\/personalizar-cookies\/\">Passen Sie Cookies an<\/a>.<\/li><li>Erhalten Sie weitere Informationen auf der Seite <a href=\"https:\/\/nueva.radiotaxicartagena.es\/politica-de-cookies\/\">Cookie-Richtlinie<\/a>.<\/li><\/ul><p>\u00a0<\/p><h2>Cookie-L\u00f6schung<\/h2><p>Sie k\u00f6nnen auf Ihrem Computer installierte Cookies akzeptieren, blockieren oder l\u00f6schen, indem Sie Ihre Browseroptionen konfigurieren. Bitte beachten Sie jedoch, dass einige der Websites nicht ordnungsgem\u00e4\u00df funktionieren oder dass einige ihrer Funktionen nicht verf\u00fcgbar sind oder Fehler aufweisen.<\/p><p>Unter den folgenden Links finden Sie Anleitungen zum Aktivieren oder Deaktivieren von Cookies in den g\u00e4ngigsten Browsern.<\/p><p>\u00a0<\/p><ul><li><a href=\"http:\/\/support.mozilla.org\/es\/kb\/habilitar-y-deshabilitar-cookies-que-los-sitios-we\" target=\"_blank\" rel=\"nofollow noopener\">Feuerfuchs<\/a><\/li><li><a href=\"https:\/\/support.google.com\/chrome\/answer\/95647?hl=es\" target=\"_blank\" rel=\"noopener noreferrer nofollow\">Google Chrome<\/a><\/li><li><a href=\"https:\/\/support.microsoft.com\/es-es\/help\/17442\/windows-internet-explorer-delete-manage-cookies#ie=&quot;ie-10\" target=\"_blank\" rel=\"noopener noreferrer nofollow\">Internet Explorer<\/a><\/li><li><a href=\"https:\/\/support.microsoft.com\/es-es\/help\/4468242\/microsoft-edge-browsing-data-and-privacy\" target=\"_blank\" rel=\"noopener noreferrer nofollow\">Microsoft Edge<\/a><\/li><li><a href=\"http:\/\/support.apple.com\/kb\/HT1677?viewlocale=es_ES\" target=\"_blank\" rel=\"nofollow noopener\">Safari<\/a><\/li><\/ul><p>\u00a0<\/p><h2>Verarbeitung personenbezogener Daten<\/h2><p>Der Eigent\u00fcmer ist f\u00fcr die Verarbeitung der personenbezogenen Daten des Nutzers verantwortlich. .<\/p><h2>Kontakt<\/h2><p>Wenn Sie Fragen zu dieser Cookie-Richtlinie haben oder Kommentare zu dieser Website abgeben m\u00f6chten, k\u00f6nnen Sie eine Nachricht an die E-Mail-Adresse info@radiotaxicartagena.es senden<\/p><\/div><\/article><\/div><\/article>\t\t\t\t\t\t\t\t<\/div>\n\t\t\t\t<\/div>\n\t\t\t\t\t<\/div>\n\t\t<\/div>\n\t\t\t\t\t<\/div>\n\t\t<\/section>\n\t\t\t\t<\/div>","protected":false},"excerpt":{"rendered":"<p>In \u00dcbereinstimmung mit Artikel 22 des Gesetzes 34\/2002 vom 11. Juli \u00fcber Unternehmensdienstleistungen<\/p>","protected":false},"author":1,"featured_media":0,"parent":0,"menu_order":0,"comment_status":"closed","ping_status":"closed","template":"","meta":{"inline_featured_image":false,"footnotes":""},"class_list":["post-8866","page","type-page","status-publish","hentry"],"yoast_head":"<!-- This site is optimized with the Yoast SEO Premium plugin v21.6 (Yoast SEO v27.1.1) - https:\/\/yoast.com\/product\/yoast-seo-premium-wordpress\/ -->\n<title>Pol\u00edtica de cookies - Radio Taxi<\/title>\n<meta name=\"robots\" content=\"index, follow, max-snippet:-1, max-image-preview:large, max-video-preview:-1\" \/>\n<link rel=\"canonical\" href=\"https:\/\/radiotaxicartagena.es\/de\/cookie-richtlinie\/\" \/>\n<meta property=\"og:locale\" content=\"de_DE\" \/>\n<meta property=\"og:type\" content=\"article\" \/>\n<meta property=\"og:title\" content=\"Pol\u00edtica de cookies\" \/>\n<meta property=\"og:description\" content=\"En cumplimiento con el art\u00edculo 22 de la Ley 34\/2002, de 11 de julio, de servicios de la sociedad de\" \/>\n<meta property=\"og:url\" content=\"https:\/\/radiotaxicartagena.es\/de\/cookie-richtlinie\/\" \/>\n<meta property=\"og:site_name\" content=\"Radio Taxi\" \/>\n<meta property=\"article:modified_time\" content=\"2022-06-15T11:34:31+00:00\" \/>\n<meta name=\"twitter:card\" content=\"summary_large_image\" \/>\n<meta name=\"twitter:label1\" content=\"Gesch\u00e4tzte Lesezeit\" \/>\n\t<meta name=\"twitter:data1\" content=\"5\u00a0Minuten\" \/>\n<script type=\"application\/ld+json\" class=\"yoast-schema-graph\">{\"@context\":\"https:\/\/schema.org\",\"@graph\":[{\"@type\":\"WebPage\",\"@id\":\"https:\/\/radiotaxicartagena.es\/politica-de-cookies\/\",\"url\":\"https:\/\/radiotaxicartagena.es\/politica-de-cookies\/\",\"name\":\"Pol\u00edtica de cookies - Radio Taxi\",\"isPartOf\":{\"@id\":\"https:\/\/radiotaxicartagena.es\/#website\"},\"datePublished\":\"2022-06-15T11:33:13+00:00\",\"dateModified\":\"2022-06-15T11:34:31+00:00\",\"breadcrumb\":{\"@id\":\"https:\/\/radiotaxicartagena.es\/politica-de-cookies\/#breadcrumb\"},\"inLanguage\":\"de\",\"potentialAction\":[{\"@type\":\"ReadAction\",\"target\":[\"https:\/\/radiotaxicartagena.es\/politica-de-cookies\/\"]}]},{\"@type\":\"BreadcrumbList\",\"@id\":\"https:\/\/radiotaxicartagena.es\/politica-de-cookies\/#breadcrumb\",\"itemListElement\":[{\"@type\":\"ListItem\",\"position\":1,\"name\":\"Home\",\"item\":\"https:\/\/radiotaxicartagena.es\/\"},{\"@type\":\"ListItem\",\"position\":2,\"name\":\"Pol\u00edtica de cookies\"}]},{\"@type\":\"WebSite\",\"@id\":\"https:\/\/radiotaxicartagena.es\/#website\",\"url\":\"https:\/\/radiotaxicartagena.es\/\",\"name\":\"Radio Taxi\",\"description\":\"Taxi en Cartagena, La Manga, La Uni\u00f3n, Murcia\",\"potentialAction\":[{\"@type\":\"SearchAction\",\"target\":{\"@type\":\"EntryPoint\",\"urlTemplate\":\"https:\/\/radiotaxicartagena.es\/?s={search_term_string}\"},\"query-input\":{\"@type\":\"PropertyValueSpecification\",\"valueRequired\":true,\"valueName\":\"search_term_string\"}}],\"inLanguage\":\"de\"}]}<\/script>\n<!-- \/ Yoast SEO Premium plugin. -->","yoast_head_json":{"title":"Pol\u00edtica de cookies - Radio Taxi","robots":{"index":"index","follow":"follow","max-snippet":"max-snippet:-1","max-image-preview":"max-image-preview:large","max-video-preview":"max-video-preview:-1"},"canonical":"https:\/\/radiotaxicartagena.es\/de\/cookie-richtlinie\/","og_locale":"de_DE","og_type":"article","og_title":"Pol\u00edtica de cookies","og_description":"En cumplimiento con el art\u00edculo 22 de la Ley 34\/2002, de 11 de julio, de servicios de la sociedad de","og_url":"https:\/\/radiotaxicartagena.es\/de\/cookie-richtlinie\/","og_site_name":"Radio Taxi","article_modified_time":"2022-06-15T11:34:31+00:00","twitter_card":"summary_large_image","twitter_misc":{"Gesch\u00e4tzte Lesezeit":"5\u00a0Minuten"},"schema":{"@context":"https:\/\/schema.org","@graph":[{"@type":"WebPage","@id":"https:\/\/radiotaxicartagena.es\/politica-de-cookies\/","url":"https:\/\/radiotaxicartagena.es\/politica-de-cookies\/","name":"Pol\u00edtica de cookies - Radio Taxi","isPartOf":{"@id":"https:\/\/radiotaxicartagena.es\/#website"},"datePublished":"2022-06-15T11:33:13+00:00","dateModified":"2022-06-15T11:34:31+00:00","breadcrumb":{"@id":"https:\/\/radiotaxicartagena.es\/politica-de-cookies\/#breadcrumb"},"inLanguage":"de","potentialAction":[{"@type":"ReadAction","target":["https:\/\/radiotaxicartagena.es\/politica-de-cookies\/"]}]},{"@type":"BreadcrumbList","@id":"https:\/\/radiotaxicartagena.es\/politica-de-cookies\/#breadcrumb","itemListElement":[{"@type":"ListItem","position":1,"name":"Home","item":"https:\/\/radiotaxicartagena.es\/"},{"@type":"ListItem","position":2,"name":"Pol\u00edtica de cookies"}]},{"@type":"WebSite","@id":"https:\/\/radiotaxicartagena.es\/#website","url":"https:\/\/radiotaxicartagena.es\/","name":"Radio Taxi","description":"Taxi en Cartagena, La Manga, La Uni\u00f3n, Murcia","potentialAction":[{"@type":"SearchAction","target":{"@type":"EntryPoint","urlTemplate":"https:\/\/radiotaxicartagena.es\/?s={search_term_string}"},"query-input":{"@type":"PropertyValueSpecification","valueRequired":true,"valueName":"search_term_string"}}],"inLanguage":"de"}]}},"_links":{"self":[{"href":"https:\/\/radiotaxicartagena.es\/de\/wp-json\/wp\/v2\/pages\/8866","targetHints":{"allow":["GET"]}}],"collection":[{"href":"https:\/\/radiotaxicartagena.es\/de\/wp-json\/wp\/v2\/pages"}],"about":[{"href":"https:\/\/radiotaxicartagena.es\/de\/wp-json\/wp\/v2\/types\/page"}],"author":[{"embeddable":true,"href":"https:\/\/radiotaxicartagena.es\/de\/wp-json\/wp\/v2\/users\/1"}],"replies":[{"embeddable":true,"href":"https:\/\/radiotaxicartagena.es\/de\/wp-json\/wp\/v2\/comments?post=8866"}],"version-history":[{"count":0,"href":"https:\/\/radiotaxicartagena.es\/de\/wp-json\/wp\/v2\/pages\/8866\/revisions"}],"wp:attachment":[{"href":"https:\/\/radiotaxicartagena.es\/de\/wp-json\/wp\/v2\/media?parent=8866"}],"curies":[{"name":"wp","href":"https:\/\/api.w.org\/{rel}","templated":true}]}}