{"id":8856,"date":"2022-06-15T11:26:20","date_gmt":"2022-06-15T11:26:20","guid":{"rendered":"https:\/\/nueva.radiotaxicartagena.es\/?page_id=8856"},"modified":"2022-06-15T11:31:53","modified_gmt":"2022-06-15T11:31:53","slug":"politica-de-privacidad","status":"publish","type":"page","link":"https:\/\/radiotaxicartagena.es\/de\/datenschutzrichtlinie\/","title":{"rendered":"Datenschutzrichtlinie"},"content":{"rendered":"<div data-elementor-type=\"wp-page\" data-elementor-id=\"8856\" class=\"elementor elementor-8856\" data-elementor-post-type=\"page\">\n\t\t\t\t\t\t<section class=\"wd-negative-gap elementor-section elementor-top-section elementor-element elementor-element-741b270 wd-section-stretch elementor-section-boxed elementor-section-height-default elementor-section-height-default\" data-id=\"741b270\" data-element_type=\"section\" data-e-type=\"section\">\n\t\t\t\t\t\t<div class=\"elementor-container elementor-column-gap-default\">\n\t\t\t\t\t<div class=\"elementor-column elementor-col-100 elementor-top-column elementor-element elementor-element-f0a2ffd\" data-id=\"f0a2ffd\" data-element_type=\"column\" data-e-type=\"column\">\n\t\t\t<div class=\"elementor-widget-wrap elementor-element-populated\">\n\t\t\t\t\t\t<div class=\"elementor-element elementor-element-eb94436 color-scheme-inherit text-left elementor-widget elementor-widget-text-editor\" data-id=\"eb94436\" data-element_type=\"widget\" data-e-type=\"widget\" data-widget_type=\"text-editor.default\">\n\t\t\t\t<div class=\"elementor-widget-container\">\n\t\t\t\t\t\t\t\t\t<p>Der Eigent\u00fcmer informiert Sie \u00fcber seine Datenschutzrichtlinien bez\u00fcglich der Behandlung und des Schutzes personenbezogener Daten von Benutzern, die beim Surfen auf der Website gesammelt werden k\u00f6nnen: <a href=\"https:\/\/nueva.radiotaxicartagena.es\/politica-de-privacidad\/\">https:\/\/radiotaxicartagena.es<\/a><\/p><p>In diesem Sinne garantiert der Eigent\u00fcmer die Einhaltung der geltenden Vorschriften zum Schutz personenbezogener Daten, die im Organgesetz 3\/2018 vom 5. Dezember zum Schutz personenbezogener Daten und zur Gew\u00e4hrleistung digitaler Rechte (LOPD GDD) zum Ausdruck kommen. Es entspricht au\u00dferdem der Verordnung (EU) 2016\/679 des Europ\u00e4ischen Parlaments und des Rates vom 27. April 2016 zum Schutz nat\u00fcrlicher Personen (DSGVO).<\/p><p>Die Nutzung der Website setzt die Annahme dieser Datenschutzrichtlinie sowie der darin enthaltenen Bedingungen voraus \u00a0<a href=\"https:\/\/nueva.radiotaxicartagena.es\/aviso-legal\/\">Rechtliche Warnung<\/a>.<\/p><h2>Identit\u00e4t des Verantwortlichen<\/h2><p>\u00a0<\/p><ul><li><b>Verantwortlich:<\/b>\u00a0 Union Radio Taxi Cartagena.<\/li><li><b>NIF:<\/b>\u00a0G30617542<\/li><li><b>Heim:<\/b>\u00a0 Dublin Street N\u00ba60, Murcia \u2013 Spanien.<\/li><li><b>Email:<\/b>\u00a0 info@radiotaxicartagena.es<\/li><li><b>Telefonkontakt:<\/b>\u00a0 672386487<\/li><li><b>Webseite:<\/b>\u00a0 <a href=\"https:\/\/nueva.radiotaxicartagena.es\/politica-de-privacidad\/\">https:\/\/radiotaxicartagena.es<\/a><\/li><\/ul><p>\u00a0<\/p><h2>Grunds\u00e4tze der Datenverarbeitung<\/h2><p>Bei der Verarbeitung Ihrer personenbezogenen Daten wendet der Eigent\u00fcmer die folgenden Grunds\u00e4tze an, die den Anforderungen der neuen europ\u00e4ischen Datenschutzverordnung (DSGVO) entsprechen:<\/p><p>\u00a0<\/p><ul><li>Grundsatz der Rechtm\u00e4\u00dfigkeit, Loyalit\u00e4t und Transparenz: Der Eigent\u00fcmer ben\u00f6tigt stets eine Einwilligung zur Verarbeitung personenbezogener Daten, die einem oder mehreren spezifischen Zwecken dienen kann, \u00fcber die der Eigent\u00fcmer den Benutzer im Voraus mit absoluter Transparenz informieren wird.<\/li><li>Grundsatz der Datenminimierung: Der Eigent\u00fcmer fordert nur die Daten an, die f\u00fcr den oder die Zwecke, f\u00fcr die er angefordert wird, unbedingt erforderlich sind.<\/li><li>Grundsatz der Beschr\u00e4nkung der Aufbewahrungsfrist: Der Eigent\u00fcmer wird die erhobenen personenbezogenen Daten so lange aufbewahren, wie es f\u00fcr den oder die Zwecke der Verarbeitung unbedingt erforderlich ist. Der Eigent\u00fcmer wird den Nutzer je nach Zweck \u00fcber die entsprechende Aufbewahrungsfrist informieren. <br \/>Im Falle von Abonnements \u00fcberpr\u00fcft der Eigent\u00fcmer die Listen regelm\u00e4\u00dfig und l\u00f6scht diejenigen Datens\u00e4tze, die \u00fcber einen l\u00e4ngeren Zeitraum inaktiv waren.<\/li><li>Grundsatz der Integrit\u00e4t und Vertraulichkeit: Die erhobenen personenbezogenen Daten werden so behandelt, dass ihre Sicherheit, Vertraulichkeit und Integrit\u00e4t gew\u00e4hrleistet ist. <br \/>Der Eigent\u00fcmer trifft die notwendigen Vorkehrungen, um einen unbefugten Zugriff oder eine missbr\u00e4uchliche Nutzung der Daten seiner Nutzer durch Dritte zu verhindern.<\/li><\/ul><p>\u00a0<\/p><h2>Erhebung personenbezogener Daten<\/h2><p>Um auf der Website zu surfen, m\u00fcssen Sie keine personenbezogenen Daten angeben.<\/p><h2>Rechte<\/h2><p>Der Eigent\u00fcmer informiert Sie dar\u00fcber, dass Sie in Bezug auf Ihre personenbezogenen Daten das Recht haben:<\/p><p>\u00a0<\/p><ul><li>Zugriff auf gespeicherte Daten anfordern.<\/li><li>Fordern Sie eine Berichtigung oder Stornierung an.<\/li><li>Fordern Sie die Einschr\u00e4nkung Ihrer Behandlung an.<\/li><li>Widersetzen Sie sich der Behandlung.<\/li><\/ul><p>\u00a0<\/p><p>Das Recht auf Daten\u00fcbertragbarkeit k\u00f6nnen Sie nicht aus\u00fcben.<\/p><p>Die Aus\u00fcbung dieser Rechte ist personenbezogen und muss daher direkt vom Interessenten ausge\u00fcbt werden, indem er sie direkt beim Eigent\u00fcmer anfordert. Dies bedeutet, dass jeder Kunde, Abonnent oder Mitarbeiter, der seine Daten jederzeit bereitgestellt hat, den Eigent\u00fcmer kontaktieren und Informationen anfordern kann Auskunft \u00fcber die von ihm gespeicherten Daten und die Art und Weise ihrer Erhebung verlangen, deren Berichtigung verlangen, sich der Verarbeitung widersetzen, deren Verwendung einschr\u00e4nken oder die L\u00f6schung dieser Daten in den Dateien des Eigent\u00fcmers beantragen.<\/p><p>Um Ihre Rechte auszu\u00fcben, m\u00fcssen Sie Ihren Antrag zusammen mit einer Fotokopie des Personalausweises oder einem gleichwertigen Dokument an die E-Mail-Adresse info@radiotaxicartagena.es senden<\/p><p>Die Aus\u00fcbung dieser Rechte umfasst keine Daten, zu deren Aufbewahrung der Eigent\u00fcmer aus administrativen, rechtlichen oder Sicherheitsgr\u00fcnden verpflichtet ist.<\/p><p>Sie haben das Recht auf wirksamen gerichtlichen Rechtsschutz und auf die Einreichung einer Klage bei der Aufsichtsbeh\u00f6rde, in diesem Fall der spanischen Datenschutzbeh\u00f6rde, wenn Sie der Ansicht sind, dass die Verarbeitung der Sie betreffenden personenbezogenen Daten gegen die Verordnung verst\u00f6\u00dft.<\/p><h2 id=\"finalidad-del-tratamiento-de-datos-personales\">Zweck der Verarbeitung personenbezogener Daten<\/h2><p>Wenn Sie sich mit der Website verbinden, um eine E-Mail an den Eigent\u00fcmer zu senden oder seinen Newsletter zu abonnieren, geben Sie personenbezogene Daten an, f\u00fcr die der Eigent\u00fcmer verantwortlich ist. Zu diesen Informationen k\u00f6nnen personenbezogene Daten wie Ihre IP-Adresse, Ihr Vor- und Nachname, Ihre Anschrift, E-Mail-Adresse, Telefonnummer und andere Informationen geh\u00f6ren. Durch die Bereitstellung dieser Informationen erkl\u00e4ren Sie sich damit einverstanden, dass Ihre Daten von \u2013 Uni\u00f3n Radio Taxi Cartagena \u2013 nur wie auf den Seiten beschrieben erfasst, verwendet, verwaltet und gespeichert werden:<\/p><ul><li><a href=\"https:\/\/nueva.radiotaxicartagena.es\/aviso-legal\/\">Rechtliche Warnung<\/a><\/li><li><a href=\"https:\/\/nueva.radiotaxicartagena.es\/politica-de-privacidad\/\">Datenschutzrichtlinie<\/a><\/li><\/ul><p>\u00a0<\/p><p>Die personenbezogenen Daten und der Zweck der Verarbeitung durch den Eigent\u00fcmer unterscheiden sich je nach Informationserfassungssystem:<\/p><p>\u00a0<\/p><p>\u00a0<\/p><p>Es gibt andere Zwecke, f\u00fcr die der Eigent\u00fcmer personenbezogene Daten verarbeitet:<\/p><p>\u00a0<\/p><ul><li>Um die Einhaltung der auf der Seite \u201eRechtliche Hinweise\u201c dargelegten Bedingungen und des geltenden Rechts zu gew\u00e4hrleisten. Dies kann die Entwicklung von Tools und Algorithmen umfassen, die der Website dabei helfen, die Vertraulichkeit der von ihr erfassten personenbezogenen Daten sicherzustellen.<\/li><li>Zur Unterst\u00fctzung und Verbesserung der auf dieser Website angebotenen Dienste.<\/li><li>Zur Analyse der Benutzernavigation. Der Eigent\u00fcmer sammelt andere nicht identifizierende Daten, die durch die Verwendung von Cookies erhalten werden, die beim Surfen auf der Website auf den Computer des Benutzers heruntergeladen werden und deren Eigenschaften und Zweck auf der Website detailliert beschrieben werden. <a href=\"https:\/\/nueva.radiotaxicartagena.es\/politica-de-cookies\/\">Cookie-Richtlinie<\/a>.<\/li><li><p>Zur Verwaltung sozialer Netzwerke. Der Eigent\u00fcmer ist in sozialen Netzwerken pr\u00e4sent. Wenn Sie Follower in den sozialen Netzwerken des Eigent\u00fcmers werden, unterliegt die Verarbeitung personenbezogener Daten diesem Abschnitt sowie den Nutzungsbedingungen, Datenschutzrichtlinien und Zugangsbestimmungen des jeweils geltenden sozialen Netzwerks Sie haben zuvor zugestimmt. <br \/>Die Datenschutzrichtlinien der wichtigsten sozialen Netzwerke k\u00f6nnen Sie unter diesen Links einsehen:<\/p><p>\u00a0<\/p><ul><li><a href=\"https:\/\/www.facebook.com\/help\/cookies\" target=\"_blank\" rel=\"nofollow noopener\">Facebook<\/a><\/li><li><a href=\"https:\/\/twitter.com\/privacy\" target=\"_blank\" rel=\"nofollow noopener\">Twitter<\/a><\/li><li><a href=\"https:\/\/www.linkedin.com\/legal\/cookie-policy\" target=\"_blank\" rel=\"nofollow noopener\">Linkedin<\/a><\/li><li><a href=\"https:\/\/www.youtube.com\/privacy\" target=\"_blank\" rel=\"nofollow noopener\">Youtube<\/a><\/li><li><a href=\"https:\/\/www.instagram.com\/legal\/privacy\/\" target=\"_blank\" rel=\"nofollow noopener\">Instagram<\/a><\/li><\/ul><p>\u00a0<\/p><p>Der Eigent\u00fcmer verarbeitet Ihre personenbezogenen Daten, um Ihre Pr\u00e4senz im sozialen Netzwerk korrekt zu verwalten, Sie \u00fcber dessen Aktivit\u00e4ten zu informieren sowie f\u00fcr alle anderen Zwecke, die die Vorschriften der sozialen Netzwerke zulassen.<\/p><p>In keinem Fall wird der Eigent\u00fcmer die Profile von Followern in sozialen Netzwerken verwenden, um individuelle Werbung zu versenden.<\/p><\/li><\/ul><p>\u00a0<\/p><h2>Sicherheit personenbezogener Daten<\/h2><p>Um Ihre personenbezogenen Daten zu sch\u00fctzen, ergreift der Eigent\u00fcmer alle angemessenen Vorsichtsma\u00dfnahmen und befolgt branchen\u00fcbliche Best Practices, um deren Verlust, Missbrauch, unrechtm\u00e4\u00dfigen Zugriff, Offenlegung, \u00c4nderung oder Zerst\u00f6rung zu verhindern.<\/p><p>Ihre Daten k\u00f6nnen in eine Mailinglistendatei aufgenommen werden, f\u00fcr deren Verwaltung und Verarbeitung der Eigent\u00fcmer verantwortlich ist. Die Sicherheit Ihrer Daten ist gew\u00e4hrleistet, da der Eigent\u00fcmer alle erforderlichen Sicherheitsma\u00dfnahmen ergreift und garantiert, dass personenbezogene Daten nur f\u00fcr die angegebenen Zwecke verwendet werden.<\/p><p>Der Eigent\u00fcmer informiert den Nutzer dar\u00fcber, dass seine personenbezogenen Daten nicht an Dritte weitergegeben werden, es sei denn, die Weitergabe der Daten unterliegt einer gesetzlichen Verpflichtung oder die Erbringung einer Dienstleistung erfordert die Notwendigkeit einer Vertragsbeziehung mit einem Verantwortlichen der Behandlung. Im letzteren Fall erfolgt die Weitergabe der Daten an Dritte nur, wenn der Eigent\u00fcmer die ausdr\u00fcckliche Zustimmung des Nutzers hat.<\/p><p>In einigen F\u00e4llen kann jedoch eine Zusammenarbeit mit anderen Fachleuten durchgef\u00fchrt werden. In diesen F\u00e4llen ist die Zustimmung des Benutzers erforderlich, in der er \u00fcber die Identit\u00e4t des Mitarbeiters und den Zweck der Zusammenarbeit informiert wird. Es wird stets unter Einhaltung strengster Sicherheitsstandards durchgef\u00fchrt.<\/p><h2>Inhalte von anderen Websites<\/h2><p>Seiten dieser Website k\u00f6nnen eingebettete Inhalte enthalten (z. B. Videos, Bilder, Artikel usw.). Eingebettete Inhalte von anderen Websites verhalten sich genauso, als ob Sie die andere Website besucht h\u00e4tten.<\/p><p>Diese Websites k\u00f6nnen Daten \u00fcber Sie sammeln, Cookies verwenden, zus\u00e4tzlichen Tracking-Code von Drittanbietern einbetten und Ihre Interaktion mithilfe dieses Codes \u00fcberwachen.<\/p><h2>Cookie-Richtlinie<\/h2><p>Damit diese Website ordnungsgem\u00e4\u00df funktioniert, muss sie Cookies verwenden. Dabei handelt es sich um Informationen, die in Ihrem Webbrowser gespeichert werden.<\/p><p>Auf der Seite k\u00f6nnen Sie alle Informationen zur Richtlinie zur Erhebung und Verarbeitung von Cookies einsehen <a href=\"https:\/\/nueva.radiotaxicartagena.es\/politica-de-cookies\/\">Cookie-Richtlinie<\/a>.<\/p><p>\u00a0<\/p><h2>Berechtigung zur Datenverarbeitung<\/h2><p>Rechtsgrundlage f\u00fcr die Verarbeitung Ihrer Daten ist:<\/p><ul><li>Die Zustimmung des Interessenten.<\/li><\/ul><p>\u00a0<\/p><h2>Kategorien personenbezogener Daten<\/h2><p>Die vom Eigent\u00fcmer verarbeiteten Kategorien personenbezogener Daten sind:<\/p><p>\u00a0<\/p><ul><li>Identifikationsdaten.<\/li><li>Es werden keine besonders gesch\u00fctzten Datenkategorien verarbeitet.<\/li><\/ul><p>\u00a0<\/p><h2>Aufbewahrung personenbezogener Daten<\/h2><p>Die dem Eigent\u00fcmer zur Verf\u00fcgung gestellten personenbezogenen Daten werden so lange aufbewahrt, bis Sie deren L\u00f6schung beantragen.<\/p><div id=\"destinatarios\"><h2>Empf\u00e4nger personenbezogener Daten<\/h2><p>\u00a0<\/p><ul><li><b>Google Analytics<\/b> ist ein Webanalysedienst von Google, Inc., einem Unternehmen aus Delaware mit Hauptsitz in 1600 Amphitheatre Parkway, Mountain View (Kalifornien), CA 94043, USA (\u201eGoogle\u201c). <br \/>Google Analytics verwendet \u201eCookies\u201c, Textdateien, die auf Ihrem Computer gespeichert werden und die dem Eigent\u00fcmer bei der Analyse der Nutzung der Website durch die Nutzer helfen. Die durch den Cookie erzeugten Informationen \u00fcber Ihre Nutzung dieser Website (einschlie\u00dflich der IP-Adresse) werden direkt an einen Server von Google in den USA \u00fcbertragen und dort gespeichert. <br \/>Weitere Informationen unter:\u00a0<a href=\"https:\/\/policies.google.com\/privacy?hl=es-ES\" target=\"_blank\" rel=\"nofollow noopener\">https:\/\/analytics.google.com<\/a><\/li><\/ul><p>\u00a0<\/p><\/div><p>Auf der Seite mit den Datenschutzbestimmungen von Google k\u00f6nnen Sie sehen, wie Google den Datenschutz hinsichtlich der Verwendung von Cookies und anderen Informationen verwaltet:\u00a0<a href=\"https:\/\/policies.google.com\/privacy?hl=es\" target=\"_blank\" rel=\"nofollow noopener\">https:\/\/policies.google.com\/privacy?hl=es<\/a><\/p><p>Eine Liste der von Google und seinen Mitarbeitern verwendeten Arten von Cookies sowie alle Informationen zur Verwendung von Werbe-Cookies finden Sie auch unter:<\/p><ul><li><a href=\"https:\/\/policies.google.com\/technologies\/types?hl=es\" target=\"_blank\" rel=\"nofollow noopener\">Von Google verwendete Arten von Cookies<\/a><\/li><li><a href=\"https:\/\/policies.google.com\/technologies\/ads?hl=es\" target=\"_blank\" rel=\"nofollow noopener\">Wie Google Cookies in der Werbung verwendet<\/a>.<\/li><\/ul><h2>Web-Navigation<\/h2><p>Beim Surfen auf der Website k\u00f6nnen nicht identifizierende Daten erfasst werden, darunter IP-Adresse, Geolokalisierung, eine Aufzeichnung der Nutzung von Diensten und Websites, Surfgewohnheiten und andere Daten, die nicht zur Identifizierung Ihrer Person verwendet werden k\u00f6nnen.<\/p><p>Die Website nutzt die folgenden Analysedienste von Drittanbietern:<\/p><p>\u00a0<\/p><ul><li>Google Analytics.<\/li><\/ul><p>\u00a0<\/p><p>Der Eigent\u00fcmer verwendet die erhaltenen Informationen, um statistische Daten zu erhalten, Trends zu analysieren, die Website zu verwalten, Browsing-Muster zu untersuchen und demografische Informationen zu sammeln.<\/p><p>Der Eigent\u00fcmer ist nicht verantwortlich f\u00fcr die Verarbeitung personenbezogener Daten durch die Webseiten, auf die \u00fcber die verschiedenen auf der Website enthaltenen Links zugegriffen werden kann.<\/p><h2>Genauigkeit und Richtigkeit personenbezogener Daten<\/h2><p>Sie verpflichten sich, dass die dem Eigent\u00fcmer zur Verf\u00fcgung gestellten Daten korrekt, vollst\u00e4ndig, genau und aktuell sind und dass sie ordnungsgem\u00e4\u00df aktualisiert werden.<\/p><p>Als Benutzer der Website sind Sie allein f\u00fcr die Richtigkeit und Richtigkeit der an die Website gesendeten Daten verantwortlich und entbinden den Eigent\u00fcmer diesbez\u00fcglich von jeglicher Verantwortung.<\/p><h2>Akzeptanz und Zustimmung<\/h2><p>Als Nutzer der Website erkl\u00e4ren Sie, dass Sie \u00fcber die Bedingungen zum Schutz personenbezogener Daten informiert wurden und akzeptieren und stimmen deren Verarbeitung durch den Eigent\u00fcmer in der in dieser Datenschutzrichtlinie angegebenen Weise und zu den Zwecken zu.<\/p><p>Um den Eigent\u00fcmer zu kontaktieren, einen Newsletter zu abonnieren oder Kommentare auf dieser Website abzugeben, m\u00fcssen Sie diese Datenschutzrichtlinie akzeptieren.<\/p><h2>\u00c4nderungen der Datenschutzrichtlinie<\/h2><p>Der Eigent\u00fcmer beh\u00e4lt sich das Recht vor, diese Datenschutzrichtlinie zu \u00e4ndern, um sie an gesetzliche oder rechtswissenschaftliche Entwicklungen sowie an Branchenpraktiken anzupassen.<\/p><p>Diese Richtlinien bleiben in Kraft, bis sie von anderen ordnungsgem\u00e4\u00df ver\u00f6ffentlichten ge\u00e4ndert werden.<\/p><div class=\"elementor elementor-8556\" data-elementor-type=\"wp-page\" data-elementor-id=\"8556\"><section class=\"wd-negative-gap elementor-section elementor-top-section elementor-element elementor-element-50073dc wd-section-stretch elementor-section-boxed elementor-section-height-default elementor-section-height-default\" data-id=\"50073dc\" data-element_type=\"section\"><div class=\"elementor-container elementor-column-gap-default\"><div class=\"elementor-column elementor-col-100 elementor-top-column elementor-element elementor-element-bad30d9\" data-id=\"bad30d9\" data-element_type=\"column\"><div class=\"elementor-widget-wrap elementor-element-populated\"><div class=\"elementor-element elementor-element-e8baf9b color-scheme-inherit text-left elementor-widget elementor-widget-text-editor\" data-id=\"e8baf9b\" data-element_type=\"widget\" data-widget_type=\"text-editor.default\"><div class=\"elementor-widget-container\"><p>Der Eigent\u00fcmer informiert Sie \u00fcber seine Datenschutzrichtlinien bez\u00fcglich der Behandlung und des Schutzes personenbezogener Daten von Benutzern, die beim Surfen auf der Website gesammelt werden k\u00f6nnen:\u00a0<a href=\"https:\/\/nueva.radiotaxicartagena.es\/politica-de-privacidad\/\">https:\/\/radiotaxicartagena.es<\/a><\/p><p>In diesem Sinne garantiert der Eigent\u00fcmer die Einhaltung der geltenden Vorschriften zum Schutz personenbezogener Daten, die im Organgesetz 3\/2018 vom 5. Dezember zum Schutz personenbezogener Daten und zur Gew\u00e4hrleistung digitaler Rechte (LOPD GDD) zum Ausdruck kommen. Es entspricht au\u00dferdem der Verordnung (EU) 2016\/679 des Europ\u00e4ischen Parlaments und des Rates vom 27. April 2016 zum Schutz nat\u00fcrlicher Personen (DSGVO).<\/p><p>Die Nutzung der Website setzt die Annahme dieser Datenschutzrichtlinie sowie der darin enthaltenen Bedingungen voraus \u00a0<a href=\"https:\/\/nueva.radiotaxicartagena.es\/aviso-legal\/\">Rechtliche Warnung<\/a>.<\/p><\/div><\/div><\/div><\/div><\/div><\/section><\/div>\t\t\t\t\t\t\t\t<\/div>\n\t\t\t\t<\/div>\n\t\t\t\t\t<\/div>\n\t\t<\/div>\n\t\t\t\t\t<\/div>\n\t\t<\/section>\n\t\t\t\t<\/div>","protected":false},"excerpt":{"rendered":"<p>Der Eigent\u00fcmer informiert Sie \u00fcber seine Datenschutzrichtlinien bez\u00fcglich der Behandlung und des Schutzes personenbezogener Daten.<\/p>","protected":false},"author":1,"featured_media":0,"parent":0,"menu_order":0,"comment_status":"closed","ping_status":"closed","template":"","meta":{"inline_featured_image":false,"footnotes":""},"class_list":["post-8856","page","type-page","status-publish","hentry"],"yoast_head":"<!-- This site is optimized with the Yoast SEO Premium plugin v21.6 (Yoast SEO v27.1.1) - https:\/\/yoast.com\/product\/yoast-seo-premium-wordpress\/ -->\n<title>Pol\u00edtica de privacidad - Radio Taxi<\/title>\n<meta name=\"robots\" content=\"index, follow, max-snippet:-1, max-image-preview:large, max-video-preview:-1\" \/>\n<link rel=\"canonical\" href=\"https:\/\/radiotaxicartagena.es\/de\/datenschutzrichtlinie\/\" \/>\n<meta property=\"og:locale\" content=\"de_DE\" \/>\n<meta property=\"og:type\" content=\"article\" \/>\n<meta property=\"og:title\" content=\"Pol\u00edtica de privacidad\" \/>\n<meta property=\"og:description\" content=\"El Titular le informa sobre su Pol\u00edtica de Privacidad respecto del tratamiento y protecci\u00f3n de los datos de car\u00e1cter personal\" \/>\n<meta property=\"og:url\" content=\"https:\/\/radiotaxicartagena.es\/de\/datenschutzrichtlinie\/\" \/>\n<meta property=\"og:site_name\" content=\"Radio Taxi\" \/>\n<meta property=\"article:modified_time\" content=\"2022-06-15T11:31:53+00:00\" \/>\n<meta name=\"twitter:card\" content=\"summary_large_image\" \/>\n<meta name=\"twitter:label1\" content=\"Gesch\u00e4tzte Lesezeit\" \/>\n\t<meta name=\"twitter:data1\" content=\"9\u00a0Minuten\" \/>\n<script type=\"application\/ld+json\" class=\"yoast-schema-graph\">{\"@context\":\"https:\/\/schema.org\",\"@graph\":[{\"@type\":\"WebPage\",\"@id\":\"https:\/\/radiotaxicartagena.es\/politica-de-privacidad\/\",\"url\":\"https:\/\/radiotaxicartagena.es\/politica-de-privacidad\/\",\"name\":\"Pol\u00edtica de privacidad - Radio Taxi\",\"isPartOf\":{\"@id\":\"https:\/\/radiotaxicartagena.es\/#website\"},\"datePublished\":\"2022-06-15T11:26:20+00:00\",\"dateModified\":\"2022-06-15T11:31:53+00:00\",\"breadcrumb\":{\"@id\":\"https:\/\/radiotaxicartagena.es\/politica-de-privacidad\/#breadcrumb\"},\"inLanguage\":\"de\",\"potentialAction\":[{\"@type\":\"ReadAction\",\"target\":[\"https:\/\/radiotaxicartagena.es\/politica-de-privacidad\/\"]}]},{\"@type\":\"BreadcrumbList\",\"@id\":\"https:\/\/radiotaxicartagena.es\/politica-de-privacidad\/#breadcrumb\",\"itemListElement\":[{\"@type\":\"ListItem\",\"position\":1,\"name\":\"Home\",\"item\":\"https:\/\/radiotaxicartagena.es\/\"},{\"@type\":\"ListItem\",\"position\":2,\"name\":\"Pol\u00edtica de privacidad\"}]},{\"@type\":\"WebSite\",\"@id\":\"https:\/\/radiotaxicartagena.es\/#website\",\"url\":\"https:\/\/radiotaxicartagena.es\/\",\"name\":\"Radio Taxi\",\"description\":\"Taxi en Cartagena, La Manga, La Uni\u00f3n, Murcia\",\"potentialAction\":[{\"@type\":\"SearchAction\",\"target\":{\"@type\":\"EntryPoint\",\"urlTemplate\":\"https:\/\/radiotaxicartagena.es\/?s={search_term_string}\"},\"query-input\":{\"@type\":\"PropertyValueSpecification\",\"valueRequired\":true,\"valueName\":\"search_term_string\"}}],\"inLanguage\":\"de\"}]}<\/script>\n<!-- \/ Yoast SEO Premium plugin. -->","yoast_head_json":{"title":"Pol\u00edtica de privacidad - Radio Taxi","robots":{"index":"index","follow":"follow","max-snippet":"max-snippet:-1","max-image-preview":"max-image-preview:large","max-video-preview":"max-video-preview:-1"},"canonical":"https:\/\/radiotaxicartagena.es\/de\/datenschutzrichtlinie\/","og_locale":"de_DE","og_type":"article","og_title":"Pol\u00edtica de privacidad","og_description":"El Titular le informa sobre su Pol\u00edtica de Privacidad respecto del tratamiento y protecci\u00f3n de los datos de car\u00e1cter personal","og_url":"https:\/\/radiotaxicartagena.es\/de\/datenschutzrichtlinie\/","og_site_name":"Radio Taxi","article_modified_time":"2022-06-15T11:31:53+00:00","twitter_card":"summary_large_image","twitter_misc":{"Gesch\u00e4tzte Lesezeit":"9\u00a0Minuten"},"schema":{"@context":"https:\/\/schema.org","@graph":[{"@type":"WebPage","@id":"https:\/\/radiotaxicartagena.es\/politica-de-privacidad\/","url":"https:\/\/radiotaxicartagena.es\/politica-de-privacidad\/","name":"Pol\u00edtica de privacidad - Radio Taxi","isPartOf":{"@id":"https:\/\/radiotaxicartagena.es\/#website"},"datePublished":"2022-06-15T11:26:20+00:00","dateModified":"2022-06-15T11:31:53+00:00","breadcrumb":{"@id":"https:\/\/radiotaxicartagena.es\/politica-de-privacidad\/#breadcrumb"},"inLanguage":"de","potentialAction":[{"@type":"ReadAction","target":["https:\/\/radiotaxicartagena.es\/politica-de-privacidad\/"]}]},{"@type":"BreadcrumbList","@id":"https:\/\/radiotaxicartagena.es\/politica-de-privacidad\/#breadcrumb","itemListElement":[{"@type":"ListItem","position":1,"name":"Home","item":"https:\/\/radiotaxicartagena.es\/"},{"@type":"ListItem","position":2,"name":"Pol\u00edtica de privacidad"}]},{"@type":"WebSite","@id":"https:\/\/radiotaxicartagena.es\/#website","url":"https:\/\/radiotaxicartagena.es\/","name":"Radio Taxi","description":"Taxi en Cartagena, La Manga, La Uni\u00f3n, Murcia","potentialAction":[{"@type":"SearchAction","target":{"@type":"EntryPoint","urlTemplate":"https:\/\/radiotaxicartagena.es\/?s={search_term_string}"},"query-input":{"@type":"PropertyValueSpecification","valueRequired":true,"valueName":"search_term_string"}}],"inLanguage":"de"}]}},"_links":{"self":[{"href":"https:\/\/radiotaxicartagena.es\/de\/wp-json\/wp\/v2\/pages\/8856","targetHints":{"allow":["GET"]}}],"collection":[{"href":"https:\/\/radiotaxicartagena.es\/de\/wp-json\/wp\/v2\/pages"}],"about":[{"href":"https:\/\/radiotaxicartagena.es\/de\/wp-json\/wp\/v2\/types\/page"}],"author":[{"embeddable":true,"href":"https:\/\/radiotaxicartagena.es\/de\/wp-json\/wp\/v2\/users\/1"}],"replies":[{"embeddable":true,"href":"https:\/\/radiotaxicartagena.es\/de\/wp-json\/wp\/v2\/comments?post=8856"}],"version-history":[{"count":0,"href":"https:\/\/radiotaxicartagena.es\/de\/wp-json\/wp\/v2\/pages\/8856\/revisions"}],"wp:attachment":[{"href":"https:\/\/radiotaxicartagena.es\/de\/wp-json\/wp\/v2\/media?parent=8856"}],"curies":[{"name":"wp","href":"https:\/\/api.w.org\/{rel}","templated":true}]}}