{"id":8558,"date":"2022-06-13T11:19:05","date_gmt":"2022-06-13T11:19:05","guid":{"rendered":"https:\/\/nueva.radiotaxicartagena.es\/index.php\/personalizar-cookies\/"},"modified":"2022-06-13T11:32:43","modified_gmt":"2022-06-13T11:32:43","slug":"personalizar-cookies","status":"publish","type":"page","link":"https:\/\/radiotaxicartagena.es\/de\/cookies-anpassen\/","title":{"rendered":"Passen Sie Cookies an"},"content":{"rendered":"<div>\n      <div id=\"custom-cookies-eu-label\">\n\n        Diese Website verwendet f\u00fcr ihre ordnungsgem\u00e4\u00dfe Funktion eigene Cookies. Durch Klicken auf die Schaltfl\u00e4che \u201eAkzeptieren\u201c erkl\u00e4ren Sie sich mit der Nutzung dieser Technologien und der Verarbeitung Ihrer Daten f\u00fcr diese Zwecke einverstanden.\n          &nbsp;&nbsp;\n          \n      <\/div>\n\n      <div id=\"custom-cookies-eu-buttons\" class=\"cookies-eu-buttons\">\n        <button id=\"custom-cookies-eu-reject\" class=\"cookies-eu-reject\">Abfall<\/button>\n        <button id=\"custom-cookies-eu-accept\" class=\"cookies-eu-accept\">AKZEPTIEREN SIE ALLE COOKIES<\/button><\/div>\n      <\/div>\n\n<br\/>\n<p>\n\tSie k\u00f6nnen Ihre Cookie-Einstellungen jederzeit \u00e4ndern, indem Sie zur Seite \u201eCookies anpassen\u201c zur\u00fcckkehren, auf die Sie \u00fcber den Cookie-Hinweis zugreifen k\u00f6nnen. \n<\/p>\n\n<h3>Technische Cookies<\/h3>\n<p>\n\tDabei handelt es sich um solche, die es registrierten Benutzern erm\u00f6glichen, durch die Website und den eingeschr\u00e4nkten Bereich zu navigieren und deren verschiedene Funktionen wie das Kommentarsystem oder die Suchmaschine zu nutzen. Sie k\u00f6nnen nicht deaktiviert werden.\n<\/p>\n\n<div class=\"custom-cookies-option\">\n  <h3>Analyse- oder Messcookies<\/h3>\n  <span>\n    <input type=\"radio\" name=\"cookies-analytics-option\" value=\"true\" class=\"custom-cookies-radio\" data-consent=\"ANLTCS\" id=\"custom-cookies-accept-analytics\" >\n    <label for=\"custom-cookies-accept-analytics\">aktivieren Sie<\/label>\n    &nbsp;&nbsp;\n    <input type=\"radio\" name=\"cookies-analytics-option\" value=\"false\" class=\"custom-cookies-radio\" data-consent=\"ANLTCS\" id=\"custom-cookies-reject-analytics\" \n    checked>\n    <label for=\"custom-cookies-reject-analytics\">Deaktivieren<\/label>\n<\/span>\n<\/div>\n\n<p>\n\tDabei handelt es sich um solche, die unabh\u00e4ngig davon, ob sie von der Website oder von Dritten verarbeitet werden, die Quantifizierung der Anzahl der Benutzer erm\u00f6glichen und so die Messung und statistische Analyse der Nutzung der Website durch die Benutzer durchf\u00fchren. Hierzu wird Ihre Navigation auf dieser Website analysiert, um diese zu verbessern.\n<\/p>\n\n<div class=\"custom-cookies-option\">\n  <h3>Soziale Cookies<\/h3>\n  <span>\n    <input type=\"radio\" name=\"cookies-social-option\" value=\"true\" class=\"custom-cookies-radio\" data-consent=\"SCLS\" id=\"custom-cookies-accept-social\" \n    >\n    <label for=\"custom-cookies-accept-social\">aktivieren Sie<\/label>\n    &nbsp;&nbsp;\n    <input type=\"radio\" name=\"cookies-social-option\" value=\"false\" class=\"custom-cookies-radio\" data-consent=\"SCLS\" id=\"custom-cookies-reject-social\" \n    checked>\n    <label for=\"custom-cookies-reject-social\">Deaktivieren<\/label>\n<\/span>\n<\/div>\n\n<p>\n  Sie werden von Social-Media-Plattformen eingerichtet, um Benutzern das Teilen von Inhalten mit ihren Freunden und Netzwerken zu erm\u00f6glichen.  \n<\/p>","protected":false},"excerpt":{"rendered":"<p>Diese Website verwendet f\u00fcr ihre ordnungsgem\u00e4\u00dfe Funktion eigene Cookies. Durch Klicken auf die Schaltfl\u00e4che \u201eAkzeptieren\u201c stimmen Sie der Verwendung von zu<\/p>","protected":false},"author":1,"featured_media":0,"parent":0,"menu_order":0,"comment_status":"closed","ping_status":"closed","template":"","meta":{"inline_featured_image":false,"footnotes":""},"class_list":["post-8558","page","type-page","status-publish","hentry"],"yoast_head":"<!-- This site is optimized with the Yoast SEO Premium plugin v21.6 (Yoast SEO v27.1.1) - https:\/\/yoast.com\/product\/yoast-seo-premium-wordpress\/ -->\n<title>Personalizar Cookies - Radio Taxi<\/title>\n<meta name=\"robots\" content=\"index, follow, max-snippet:-1, max-image-preview:large, max-video-preview:-1\" \/>\n<link rel=\"canonical\" href=\"https:\/\/radiotaxicartagena.es\/de\/cookies-anpassen\/\" \/>\n<meta property=\"og:locale\" content=\"de_DE\" \/>\n<meta property=\"og:type\" content=\"article\" \/>\n<meta property=\"og:title\" content=\"Personalizar Cookies\" \/>\n<meta property=\"og:description\" content=\"Esta web utiliza cookies propias para su correcto funcionamiento. Al hacer clic en el bot\u00f3n Aceptar, aceptas el uso de\" \/>\n<meta property=\"og:url\" content=\"https:\/\/radiotaxicartagena.es\/de\/cookies-anpassen\/\" \/>\n<meta property=\"og:site_name\" content=\"Radio Taxi\" \/>\n<meta property=\"article:modified_time\" content=\"2022-06-13T11:32:43+00:00\" \/>\n<meta name=\"twitter:card\" content=\"summary_large_image\" \/>\n<script type=\"application\/ld+json\" class=\"yoast-schema-graph\">{\"@context\":\"https:\/\/schema.org\",\"@graph\":[{\"@type\":\"WebPage\",\"@id\":\"https:\/\/radiotaxicartagena.es\/personalizar-cookies\/\",\"url\":\"https:\/\/radiotaxicartagena.es\/personalizar-cookies\/\",\"name\":\"Personalizar Cookies - Radio Taxi\",\"isPartOf\":{\"@id\":\"https:\/\/radiotaxicartagena.es\/#website\"},\"datePublished\":\"2022-06-13T11:19:05+00:00\",\"dateModified\":\"2022-06-13T11:32:43+00:00\",\"breadcrumb\":{\"@id\":\"https:\/\/radiotaxicartagena.es\/personalizar-cookies\/#breadcrumb\"},\"inLanguage\":\"de\",\"potentialAction\":[{\"@type\":\"ReadAction\",\"target\":[\"https:\/\/radiotaxicartagena.es\/personalizar-cookies\/\"]}]},{\"@type\":\"BreadcrumbList\",\"@id\":\"https:\/\/radiotaxicartagena.es\/personalizar-cookies\/#breadcrumb\",\"itemListElement\":[{\"@type\":\"ListItem\",\"position\":1,\"name\":\"Home\",\"item\":\"https:\/\/radiotaxicartagena.es\/\"},{\"@type\":\"ListItem\",\"position\":2,\"name\":\"Personalizar Cookies\"}]},{\"@type\":\"WebSite\",\"@id\":\"https:\/\/radiotaxicartagena.es\/#website\",\"url\":\"https:\/\/radiotaxicartagena.es\/\",\"name\":\"Radio Taxi\",\"description\":\"Taxi en Cartagena, La Manga, La Uni\u00f3n, Murcia\",\"potentialAction\":[{\"@type\":\"SearchAction\",\"target\":{\"@type\":\"EntryPoint\",\"urlTemplate\":\"https:\/\/radiotaxicartagena.es\/?s={search_term_string}\"},\"query-input\":{\"@type\":\"PropertyValueSpecification\",\"valueRequired\":true,\"valueName\":\"search_term_string\"}}],\"inLanguage\":\"de\"}]}<\/script>\n<!-- \/ Yoast SEO Premium plugin. -->","yoast_head_json":{"title":"Personalizar Cookies - Radio Taxi","robots":{"index":"index","follow":"follow","max-snippet":"max-snippet:-1","max-image-preview":"max-image-preview:large","max-video-preview":"max-video-preview:-1"},"canonical":"https:\/\/radiotaxicartagena.es\/de\/cookies-anpassen\/","og_locale":"de_DE","og_type":"article","og_title":"Personalizar Cookies","og_description":"Esta web utiliza cookies propias para su correcto funcionamiento. Al hacer clic en el bot\u00f3n Aceptar, aceptas el uso de","og_url":"https:\/\/radiotaxicartagena.es\/de\/cookies-anpassen\/","og_site_name":"Radio Taxi","article_modified_time":"2022-06-13T11:32:43+00:00","twitter_card":"summary_large_image","schema":{"@context":"https:\/\/schema.org","@graph":[{"@type":"WebPage","@id":"https:\/\/radiotaxicartagena.es\/personalizar-cookies\/","url":"https:\/\/radiotaxicartagena.es\/personalizar-cookies\/","name":"Personalizar Cookies - Radio Taxi","isPartOf":{"@id":"https:\/\/radiotaxicartagena.es\/#website"},"datePublished":"2022-06-13T11:19:05+00:00","dateModified":"2022-06-13T11:32:43+00:00","breadcrumb":{"@id":"https:\/\/radiotaxicartagena.es\/personalizar-cookies\/#breadcrumb"},"inLanguage":"de","potentialAction":[{"@type":"ReadAction","target":["https:\/\/radiotaxicartagena.es\/personalizar-cookies\/"]}]},{"@type":"BreadcrumbList","@id":"https:\/\/radiotaxicartagena.es\/personalizar-cookies\/#breadcrumb","itemListElement":[{"@type":"ListItem","position":1,"name":"Home","item":"https:\/\/radiotaxicartagena.es\/"},{"@type":"ListItem","position":2,"name":"Personalizar Cookies"}]},{"@type":"WebSite","@id":"https:\/\/radiotaxicartagena.es\/#website","url":"https:\/\/radiotaxicartagena.es\/","name":"Radio Taxi","description":"Taxi en Cartagena, La Manga, La Uni\u00f3n, Murcia","potentialAction":[{"@type":"SearchAction","target":{"@type":"EntryPoint","urlTemplate":"https:\/\/radiotaxicartagena.es\/?s={search_term_string}"},"query-input":{"@type":"PropertyValueSpecification","valueRequired":true,"valueName":"search_term_string"}}],"inLanguage":"de"}]}},"_links":{"self":[{"href":"https:\/\/radiotaxicartagena.es\/de\/wp-json\/wp\/v2\/pages\/8558","targetHints":{"allow":["GET"]}}],"collection":[{"href":"https:\/\/radiotaxicartagena.es\/de\/wp-json\/wp\/v2\/pages"}],"about":[{"href":"https:\/\/radiotaxicartagena.es\/de\/wp-json\/wp\/v2\/types\/page"}],"author":[{"embeddable":true,"href":"https:\/\/radiotaxicartagena.es\/de\/wp-json\/wp\/v2\/users\/1"}],"replies":[{"embeddable":true,"href":"https:\/\/radiotaxicartagena.es\/de\/wp-json\/wp\/v2\/comments?post=8558"}],"version-history":[{"count":0,"href":"https:\/\/radiotaxicartagena.es\/de\/wp-json\/wp\/v2\/pages\/8558\/revisions"}],"wp:attachment":[{"href":"https:\/\/radiotaxicartagena.es\/de\/wp-json\/wp\/v2\/media?parent=8558"}],"curies":[{"name":"wp","href":"https:\/\/api.w.org\/{rel}","templated":true}]}}